{"id":8366,"date":"2023-07-10T13:10:48","date_gmt":"2023-07-10T11:17:34","guid":{"rendered":"https:\/\/www.izi-home.com\/produit\/2-bdr-with-terrace-perrier\/"},"modified":"2023-07-10T13:17:44","modified_gmt":"2023-07-10T11:17:44","slug":"t3-lumineux-et-traversant-avec-terrasse-perrier","status":"publish","type":"product","link":"https:\/\/www.izi-home.com\/en\/produit\/t3-lumineux-et-traversant-avec-terrasse-perrier\/","title":{"rendered":"2 bdr with terrace &#8211; Perrier"},"content":{"rendered":"<p>[et_pb_section fb_built=&#8221;1&#8243; _builder_version=&#8221;4.20.2&#8243; _module_preset=&#8221;default&#8221; global_colors_info=&#8221;{}&#8221;][et_pb_row column_structure=&#8221;1_2,1_2&#8243; _builder_version=&#8221;4.20.2&#8243; _module_preset=&#8221;default&#8221; global_colors_info=&#8221;{}&#8221;][et_pb_column type=&#8221;1_2&#8243; _builder_version=&#8221;4.20.2&#8243; _module_preset=&#8221;default&#8221; global_colors_info=&#8221;{}&#8221;][et_pb_wc_images show_sale_badge=&#8221;off&#8221; _builder_version=&#8221;4.20.2&#8243; _module_preset=&#8221;default&#8221; global_colors_info=&#8221;{}&#8221;][\/et_pb_wc_images][\/et_pb_column][et_pb_column type=&#8221;1_2&#8243; _builder_version=&#8221;4.20.2&#8243; _module_preset=&#8221;default&#8221; global_colors_info=&#8221;{}&#8221;][et_pb_wc_title _builder_version=&#8221;4.20.2&#8243; _module_preset=&#8221;default&#8221; global_colors_info=&#8221;{}&#8221;][\/et_pb_wc_title][et_pb_wc_description _builder_version=&#8221;4.20.2&#8243; _module_preset=&#8221;default&#8221; global_colors_info=&#8221;{}&#8221;][\/et_pb_wc_description][et_pb_wc_breadcrumb _builder_version=&#8221;4.20.2&#8243; _module_preset=&#8221;default&#8221; global_colors_info=&#8221;{}&#8221;][\/et_pb_wc_breadcrumb][\/et_pb_column][\/et_pb_row][\/et_pb_section]<\/p>\n","protected":false},"excerpt":{"rendered":"<p>Bright 2 bedrooms apartment fully equipped (Laundry, Dryer, Dishwasher, oven, TV,\u2026). 2 separated and large bedrooms, main one with a large bed, second one with a convertible bed and a desk.<\/p>\n<p>2nd floor without elevator. Air-conditioned. It has a large terrace facing East, all building around being at a large distance. A cellar is also included in the rent. The building has a common storage for bicycles on the ground floor.<\/p>\n<p>Charges Include a provision for cold water and building charges.<\/p>\n<p>Situation id\u00e9ale par la proximit\u00e9 des transports (station de M\u00e9tro Perier \u00e0 6min \u00e0 pied et Place Castellane \u00e0 7 minutes). Closeby the Delibes square and its shops<\/p>\n","protected":false},"featured_media":8341,"template":"","meta":{"_et_pb_use_builder":"on","_et_pb_old_content":"","_et_gb_content_width":""},"product_brand":[],"product_cat":[93,89],"product_tag":[100],"class_list":{"0":"post-8366","1":"product","2":"type-product","3":"status-publish","4":"has-post-thumbnail","6":"product_cat-13006-marseilles","7":"product_cat-marseilles","8":"product_tag-unvailable","10":"first","11":"instock","12":"shipping-taxable","13":"purchasable","14":"product-type-simple"},"yoast_head":"<!-- This site is optimized with the Yoast SEO plugin v27.4 - https:\/\/yoast.com\/product\/yoast-seo-wordpress\/ -->\n<title>2 bdr with terrace - Perrier | izihome<\/title>\n<meta name=\"robots\" content=\"index, follow, max-snippet:-1, max-image-preview:large, max-video-preview:-1\" \/>\n<link rel=\"canonical\" href=\"https:\/\/www.izi-home.com\/en\/produit\/t3-lumineux-et-traversant-avec-terrasse-perrier\/\" \/>\n<meta property=\"og:locale\" content=\"en_US\" \/>\n<meta property=\"og:type\" content=\"article\" \/>\n<meta property=\"og:title\" content=\"2 bdr with terrace - Perrier | izihome\" \/>\n<meta property=\"og:description\" content=\"Bright 2 bedrooms apartment fully equipped (Laundry, Dryer, Dishwasher, oven, TV,\u2026). 2 separated and large bedrooms, main one with a large bed, second one with a convertible bed and a desk. 2nd floor without elevator. Air-conditioned. It has a large terrace facing East, all building around being at a large distance. A cellar is also included in the rent. The building has a common storage for bicycles on the ground floor. Charges Include a provision for cold water and building charges. Situation id\u00e9ale par la proximit\u00e9 des transports (station de M\u00e9tro Perier \u00e0 6min \u00e0 pied et Place Castellane \u00e0 7 minutes). Closeby the Delibes square and its shops\" \/>\n<meta property=\"og:url\" content=\"https:\/\/www.izi-home.com\/en\/produit\/t3-lumineux-et-traversant-avec-terrasse-perrier\/\" \/>\n<meta property=\"og:site_name\" content=\"izihome\" \/>\n<meta property=\"article:publisher\" content=\"https:\/\/www.facebook.com\/izihomecommunity\" \/>\n<meta property=\"article:modified_time\" content=\"2023-07-10T11:17:44+00:00\" \/>\n<meta property=\"og:image\" content=\"https:\/\/www.izi-home.com\/wp-content\/uploads\/2023\/07\/ATO09916-Modifier-scaled.jpg\" \/>\n\t<meta property=\"og:image:width\" content=\"2560\" \/>\n\t<meta property=\"og:image:height\" content=\"1707\" \/>\n\t<meta property=\"og:image:type\" content=\"image\/jpeg\" \/>\n<meta name=\"twitter:card\" content=\"summary_large_image\" \/>\n<meta name=\"twitter:label1\" content=\"Est. reading time\" \/>\n\t<meta name=\"twitter:data1\" content=\"1 minute\" \/>\n<script type=\"application\/ld+json\" class=\"yoast-schema-graph\">{\"@context\":\"https:\\\/\\\/schema.org\",\"@graph\":[{\"@type\":\"WebPage\",\"@id\":\"https:\\\/\\\/www.izi-home.com\\\/en\\\/produit\\\/t3-lumineux-et-traversant-avec-terrasse-perrier\\\/\",\"url\":\"https:\\\/\\\/www.izi-home.com\\\/en\\\/produit\\\/t3-lumineux-et-traversant-avec-terrasse-perrier\\\/\",\"name\":\"2 bdr with terrace - Perrier | izihome\",\"isPartOf\":{\"@id\":\"https:\\\/\\\/www.izi-home.com\\\/en\\\/#website\"},\"primaryImageOfPage\":{\"@id\":\"https:\\\/\\\/www.izi-home.com\\\/en\\\/produit\\\/t3-lumineux-et-traversant-avec-terrasse-perrier\\\/#primaryimage\"},\"image\":{\"@id\":\"https:\\\/\\\/www.izi-home.com\\\/en\\\/produit\\\/t3-lumineux-et-traversant-avec-terrasse-perrier\\\/#primaryimage\"},\"thumbnailUrl\":\"https:\\\/\\\/www.izi-home.com\\\/wp-content\\\/uploads\\\/2023\\\/07\\\/ATO09916-Modifier-scaled.jpg\",\"datePublished\":\"2023-07-10T11:17:34+00:00\",\"dateModified\":\"2023-07-10T11:17:44+00:00\",\"breadcrumb\":{\"@id\":\"https:\\\/\\\/www.izi-home.com\\\/en\\\/produit\\\/t3-lumineux-et-traversant-avec-terrasse-perrier\\\/#breadcrumb\"},\"inLanguage\":\"en-US\",\"potentialAction\":[{\"@type\":\"ReadAction\",\"target\":[\"https:\\\/\\\/www.izi-home.com\\\/en\\\/produit\\\/t3-lumineux-et-traversant-avec-terrasse-perrier\\\/\"]}]},{\"@type\":\"ImageObject\",\"inLanguage\":\"en-US\",\"@id\":\"https:\\\/\\\/www.izi-home.com\\\/en\\\/produit\\\/t3-lumineux-et-traversant-avec-terrasse-perrier\\\/#primaryimage\",\"url\":\"https:\\\/\\\/www.izi-home.com\\\/wp-content\\\/uploads\\\/2023\\\/07\\\/ATO09916-Modifier-scaled.jpg\",\"contentUrl\":\"https:\\\/\\\/www.izi-home.com\\\/wp-content\\\/uploads\\\/2023\\\/07\\\/ATO09916-Modifier-scaled.jpg\",\"width\":2560,\"height\":1707},{\"@type\":\"BreadcrumbList\",\"@id\":\"https:\\\/\\\/www.izi-home.com\\\/en\\\/produit\\\/t3-lumineux-et-traversant-avec-terrasse-perrier\\\/#breadcrumb\",\"itemListElement\":[{\"@type\":\"ListItem\",\"position\":1,\"name\":\"Accueil\",\"item\":\"https:\\\/\\\/www.izi-home.com\\\/en\\\/home\\\/\"},{\"@type\":\"ListItem\",\"position\":2,\"name\":\"Products\",\"item\":\"https:\\\/\\\/www.izi-home.com\\\/en\\\/shop\\\/\"},{\"@type\":\"ListItem\",\"position\":3,\"name\":\"2 bdr with terrace &#8211; Perrier\"}]},{\"@type\":\"WebSite\",\"@id\":\"https:\\\/\\\/www.izi-home.com\\\/en\\\/#website\",\"url\":\"https:\\\/\\\/www.izi-home.com\\\/en\\\/\",\"name\":\"izihome\",\"description\":\"Nous sommes votre locataire et \u00e7a change tout\",\"publisher\":{\"@id\":\"https:\\\/\\\/www.izi-home.com\\\/en\\\/#organization\"},\"potentialAction\":[{\"@type\":\"SearchAction\",\"target\":{\"@type\":\"EntryPoint\",\"urlTemplate\":\"https:\\\/\\\/www.izi-home.com\\\/en\\\/?s={search_term_string}\"},\"query-input\":{\"@type\":\"PropertyValueSpecification\",\"valueRequired\":true,\"valueName\":\"search_term_string\"}}],\"inLanguage\":\"en-US\"},{\"@type\":\"Organization\",\"@id\":\"https:\\\/\\\/www.izi-home.com\\\/en\\\/#organization\",\"name\":\"izihome\",\"url\":\"https:\\\/\\\/www.izi-home.com\\\/en\\\/\",\"logo\":{\"@type\":\"ImageObject\",\"inLanguage\":\"en-US\",\"@id\":\"https:\\\/\\\/www.izi-home.com\\\/en\\\/#\\\/schema\\\/logo\\\/image\\\/\",\"url\":\"https:\\\/\\\/www.izi-home.com\\\/wp-content\\\/uploads\\\/2020\\\/10\\\/logo-500px.png\",\"contentUrl\":\"https:\\\/\\\/www.izi-home.com\\\/wp-content\\\/uploads\\\/2020\\\/10\\\/logo-500px.png\",\"width\":501,\"height\":501,\"caption\":\"izihome\"},\"image\":{\"@id\":\"https:\\\/\\\/www.izi-home.com\\\/en\\\/#\\\/schema\\\/logo\\\/image\\\/\"},\"sameAs\":[\"https:\\\/\\\/www.facebook.com\\\/izihomecommunity\",\"https:\\\/\\\/www.instagram.com\\\/izihome_community\\\/\",\"https:\\\/\\\/www.linkedin.com\\\/company\\\/izi-home\\\/\"]}]}<\/script>\n<!-- \/ Yoast SEO plugin. -->","yoast_head_json":{"title":"2 bdr with terrace - Perrier | izihome","robots":{"index":"index","follow":"follow","max-snippet":"max-snippet:-1","max-image-preview":"max-image-preview:large","max-video-preview":"max-video-preview:-1"},"canonical":"https:\/\/www.izi-home.com\/en\/produit\/t3-lumineux-et-traversant-avec-terrasse-perrier\/","og_locale":"en_US","og_type":"article","og_title":"2 bdr with terrace - Perrier | izihome","og_description":"Bright 2 bedrooms apartment fully equipped (Laundry, Dryer, Dishwasher, oven, TV,\u2026). 2 separated and large bedrooms, main one with a large bed, second one with a convertible bed and a desk. 2nd floor without elevator. Air-conditioned. It has a large terrace facing East, all building around being at a large distance. A cellar is also included in the rent. The building has a common storage for bicycles on the ground floor. Charges Include a provision for cold water and building charges. Situation id\u00e9ale par la proximit\u00e9 des transports (station de M\u00e9tro Perier \u00e0 6min \u00e0 pied et Place Castellane \u00e0 7 minutes). Closeby the Delibes square and its shops","og_url":"https:\/\/www.izi-home.com\/en\/produit\/t3-lumineux-et-traversant-avec-terrasse-perrier\/","og_site_name":"izihome","article_publisher":"https:\/\/www.facebook.com\/izihomecommunity","article_modified_time":"2023-07-10T11:17:44+00:00","og_image":[{"width":2560,"height":1707,"url":"https:\/\/www.izi-home.com\/wp-content\/uploads\/2023\/07\/ATO09916-Modifier-scaled.jpg","type":"image\/jpeg"}],"twitter_card":"summary_large_image","twitter_misc":{"Est. reading time":"1 minute"},"schema":{"@context":"https:\/\/schema.org","@graph":[{"@type":"WebPage","@id":"https:\/\/www.izi-home.com\/en\/produit\/t3-lumineux-et-traversant-avec-terrasse-perrier\/","url":"https:\/\/www.izi-home.com\/en\/produit\/t3-lumineux-et-traversant-avec-terrasse-perrier\/","name":"2 bdr with terrace - Perrier | izihome","isPartOf":{"@id":"https:\/\/www.izi-home.com\/en\/#website"},"primaryImageOfPage":{"@id":"https:\/\/www.izi-home.com\/en\/produit\/t3-lumineux-et-traversant-avec-terrasse-perrier\/#primaryimage"},"image":{"@id":"https:\/\/www.izi-home.com\/en\/produit\/t3-lumineux-et-traversant-avec-terrasse-perrier\/#primaryimage"},"thumbnailUrl":"https:\/\/www.izi-home.com\/wp-content\/uploads\/2023\/07\/ATO09916-Modifier-scaled.jpg","datePublished":"2023-07-10T11:17:34+00:00","dateModified":"2023-07-10T11:17:44+00:00","breadcrumb":{"@id":"https:\/\/www.izi-home.com\/en\/produit\/t3-lumineux-et-traversant-avec-terrasse-perrier\/#breadcrumb"},"inLanguage":"en-US","potentialAction":[{"@type":"ReadAction","target":["https:\/\/www.izi-home.com\/en\/produit\/t3-lumineux-et-traversant-avec-terrasse-perrier\/"]}]},{"@type":"ImageObject","inLanguage":"en-US","@id":"https:\/\/www.izi-home.com\/en\/produit\/t3-lumineux-et-traversant-avec-terrasse-perrier\/#primaryimage","url":"https:\/\/www.izi-home.com\/wp-content\/uploads\/2023\/07\/ATO09916-Modifier-scaled.jpg","contentUrl":"https:\/\/www.izi-home.com\/wp-content\/uploads\/2023\/07\/ATO09916-Modifier-scaled.jpg","width":2560,"height":1707},{"@type":"BreadcrumbList","@id":"https:\/\/www.izi-home.com\/en\/produit\/t3-lumineux-et-traversant-avec-terrasse-perrier\/#breadcrumb","itemListElement":[{"@type":"ListItem","position":1,"name":"Accueil","item":"https:\/\/www.izi-home.com\/en\/home\/"},{"@type":"ListItem","position":2,"name":"Products","item":"https:\/\/www.izi-home.com\/en\/shop\/"},{"@type":"ListItem","position":3,"name":"2 bdr with terrace &#8211; Perrier"}]},{"@type":"WebSite","@id":"https:\/\/www.izi-home.com\/en\/#website","url":"https:\/\/www.izi-home.com\/en\/","name":"izihome","description":"Nous sommes votre locataire et \u00e7a change tout","publisher":{"@id":"https:\/\/www.izi-home.com\/en\/#organization"},"potentialAction":[{"@type":"SearchAction","target":{"@type":"EntryPoint","urlTemplate":"https:\/\/www.izi-home.com\/en\/?s={search_term_string}"},"query-input":{"@type":"PropertyValueSpecification","valueRequired":true,"valueName":"search_term_string"}}],"inLanguage":"en-US"},{"@type":"Organization","@id":"https:\/\/www.izi-home.com\/en\/#organization","name":"izihome","url":"https:\/\/www.izi-home.com\/en\/","logo":{"@type":"ImageObject","inLanguage":"en-US","@id":"https:\/\/www.izi-home.com\/en\/#\/schema\/logo\/image\/","url":"https:\/\/www.izi-home.com\/wp-content\/uploads\/2020\/10\/logo-500px.png","contentUrl":"https:\/\/www.izi-home.com\/wp-content\/uploads\/2020\/10\/logo-500px.png","width":501,"height":501,"caption":"izihome"},"image":{"@id":"https:\/\/www.izi-home.com\/en\/#\/schema\/logo\/image\/"},"sameAs":["https:\/\/www.facebook.com\/izihomecommunity","https:\/\/www.instagram.com\/izihome_community\/","https:\/\/www.linkedin.com\/company\/izi-home\/"]}]}},"_links":{"self":[{"href":"https:\/\/www.izi-home.com\/en\/wp-json\/wp\/v2\/product\/8366","targetHints":{"allow":["GET"]}}],"collection":[{"href":"https:\/\/www.izi-home.com\/en\/wp-json\/wp\/v2\/product"}],"about":[{"href":"https:\/\/www.izi-home.com\/en\/wp-json\/wp\/v2\/types\/product"}],"wp:featuredmedia":[{"embeddable":true,"href":"https:\/\/www.izi-home.com\/en\/wp-json\/wp\/v2\/media\/8341"}],"wp:attachment":[{"href":"https:\/\/www.izi-home.com\/en\/wp-json\/wp\/v2\/media?parent=8366"}],"wp:term":[{"taxonomy":"product_brand","embeddable":true,"href":"https:\/\/www.izi-home.com\/en\/wp-json\/wp\/v2\/product_brand?post=8366"},{"taxonomy":"product_cat","embeddable":true,"href":"https:\/\/www.izi-home.com\/en\/wp-json\/wp\/v2\/product_cat?post=8366"},{"taxonomy":"product_tag","embeddable":true,"href":"https:\/\/www.izi-home.com\/en\/wp-json\/wp\/v2\/product_tag?post=8366"}],"curies":[{"name":"wp","href":"https:\/\/api.w.org\/{rel}","templated":true}]}}