{"id":9311,"date":"2020-11-06T22:12:39","date_gmt":"2024-11-28T15:17:38","guid":{"rendered":"https:\/\/www.izi-home.com\/produit\/one-bedroom-apt-with-balcony-on-the-backside-of-the-building-vieux-port\/"},"modified":"2025-01-13T16:44:29","modified_gmt":"2025-01-13T15:44:29","slug":"one-bedroom-apt-with-balcony-on-the-backside-of-the-building-vieux-port","status":"publish","type":"product","link":"https:\/\/www.izi-home.com\/en\/produit\/one-bedroom-apt-with-balcony-on-the-backside-of-the-building-vieux-port\/","title":{"rendered":"One bedroom apt with balcony on the backside of the building &#8211; Vieux Port"},"content":{"rendered":"<p>[et_pb_section fb_built=&#8221;1&#8243; _builder_version=&#8221;4.16&#8243; custom_padding=&#8221;0px||7px||false|false&#8221; global_colors_info=&#8221;{}&#8221;][et_pb_row _builder_version=&#8221;4.16&#8243; background_size=&#8221;initial&#8221; background_position=&#8221;top_left&#8221; background_repeat=&#8221;repeat&#8221; width=&#8221;100%&#8221; custom_padding=&#8221;0px||0px||false|false&#8221; global_colors_info=&#8221;{}&#8221;][et_pb_column type=&#8221;4_4&#8243; _builder_version=&#8221;4.16&#8243; custom_padding=&#8221;|||&#8221; global_colors_info=&#8221;{}&#8221; custom_padding__hover=&#8221;|||&#8221;][et_pb_wc_breadcrumb admin_label=&#8221;Woo miettes de pain&#8221; _builder_version=&#8221;4.16&#8243; body_font_size=&#8221;17px&#8221; global_colors_info=&#8221;{}&#8221;][\/et_pb_wc_breadcrumb][\/et_pb_column][\/et_pb_row][et_pb_row column_structure=&#8221;1_2,1_2&#8243; _builder_version=&#8221;4.16&#8243; background_size=&#8221;initial&#8221; background_position=&#8221;top_left&#8221; background_repeat=&#8221;repeat&#8221; width=&#8221;100%&#8221; custom_padding=&#8221;0px||||false|false&#8221; global_colors_info=&#8221;{}&#8221;][et_pb_column type=&#8221;1_2&#8243; _builder_version=&#8221;4.16&#8243; custom_padding=&#8221;|||&#8221; global_colors_info=&#8221;{}&#8221; custom_padding__hover=&#8221;|||&#8221;][et_pb_wc_images show_sale_badge=&#8221;off&#8221; _builder_version=&#8221;4.16&#8243; global_colors_info=&#8221;{}&#8221;][\/et_pb_wc_images][\/et_pb_column][et_pb_column type=&#8221;1_2&#8243; _builder_version=&#8221;4.16&#8243; custom_padding=&#8221;|||&#8221; global_colors_info=&#8221;{}&#8221; custom_padding__hover=&#8221;|||&#8221;][et_pb_wc_title _builder_version=&#8221;4.16&#8243; global_colors_info=&#8221;{}&#8221;][\/et_pb_wc_title][et_pb_text _builder_version=&#8221;4.16&#8243; _module_preset=&#8221;default&#8221; global_colors_info=&#8221;{}&#8221;]<\/p>\n<p>Fully furnished and equipped apartment (washing machine, TV&#8230;) and closets.<\/p>\n<p>In a building typical of Marseille, located in the very center on a pedestrian street.<\/p>\n<p>3rd floor without elevator.<\/p>\n<p>Ideal location in the center of Marseille (13001), close to the &#8220;vieux port&#8221; and all the transports (tram, metro, bus).<\/p>\n<p>IZIHOME : furnished rental in Marseille. <\/p>\n<p>&nbsp;<\/p>\n<p>[\/et_pb_text][et_pb_wc_price _builder_version=&#8221;4.16&#8243; global_colors_info=&#8221;{}&#8221;][\/et_pb_wc_price][et_pb_wc_description _builder_version=&#8221;4.16&#8243; _module_preset=&#8221;default&#8221; global_colors_info=&#8221;{}&#8221;][\/et_pb_wc_description][et_pb_wc_description _builder_version=&#8221;4.16&#8243; global_colors_info=&#8221;{}&#8221;][\/et_pb_wc_description][et_pb_wc_meta show_sku=&#8221;off&#8221; meta_layout=&#8221;stacked&#8221; _builder_version=&#8221;4.16&#8243; body_text_color=&#8221;#0a5a7a&#8221; body_font_size=&#8221;22px&#8221; global_colors_info=&#8221;{}&#8221;][\/et_pb_wc_meta][\/et_pb_column][\/et_pb_row][et_pb_row _builder_version=&#8221;4.16&#8243; _module_preset=&#8221;default&#8221; global_colors_info=&#8221;{}&#8221;][et_pb_column type=&#8221;4_4&#8243; _builder_version=&#8221;4.16&#8243; _module_preset=&#8221;default&#8221; global_colors_info=&#8221;{}&#8221;][et_pb_button button_url=&#8221;@ET-DC@eyJkeW5hbWljIjp0cnVlLCJjb250ZW50IjoicG9zdF9saW5rX3VybF9wYWdlIiwic2V0dGluZ3MiOnsicG9zdF9pZCI6IjU1MSJ9fQ==@&#8221; button_text=&#8221;Contact us&#8221; button_alignment=&#8221;center&#8221; _builder_version=&#8221;4.16&#8243; _dynamic_attributes=&#8221;button_url&#8221; _module_preset=&#8221;default&#8221; global_colors_info=&#8221;{}&#8221;][\/et_pb_button][\/et_pb_column][\/et_pb_row][\/et_pb_section]<\/p>\n","protected":false},"excerpt":{"rendered":"<p>Fully furnished and equipped apartment (washing machine, TV&#8230;) and closets. In a building typical of Marseille, located in the very center on a pedestrian street. 3rd floor without elevator. Ideal location in the center of Marseille (13001), close to the &#8220;vieux port&#8221; and all the transports (tram, metro, bus). IZIHOME : furnished rental in Marseille. [&hellip;]<\/p>\n","protected":false},"featured_media":4779,"template":"","meta":{"_et_pb_use_builder":"on","_et_pb_old_content":"","_et_gb_content_width":""},"product_brand":[],"product_cat":[90,89],"product_tag":[100],"class_list":{"0":"post-9311","1":"product","2":"type-product","3":"status-publish","4":"has-post-thumbnail","6":"product_cat-1er-arrondissement-en","7":"product_cat-marseilles","8":"product_tag-unvailable","10":"first","11":"instock","12":"shipping-taxable","13":"purchasable","14":"product-type-simple"},"yoast_head":"<!-- This site is optimized with the Yoast SEO plugin v27.4 - https:\/\/yoast.com\/product\/yoast-seo-wordpress\/ -->\n<title>One bedroom apt with balcony on the backside of the building - Vieux Port | Marseille | 13001 | izihome<\/title>\n<meta name=\"description\" content=\"D\u00e9couvrez nos services de location meubl\u00e9e dans le 13001 \u00e0 Marseille.\" \/>\n<meta name=\"robots\" content=\"index, follow, max-snippet:-1, max-image-preview:large, max-video-preview:-1\" \/>\n<link rel=\"canonical\" href=\"https:\/\/www.izi-home.com\/en\/produit\/one-bedroom-apt-with-balcony-on-the-backside-of-the-building-vieux-port\/\" \/>\n<meta property=\"og:locale\" content=\"en_US\" \/>\n<meta property=\"og:type\" content=\"article\" \/>\n<meta property=\"og:title\" content=\"One bedroom apt with balcony on the backside of the building - Vieux Port | Marseille | 13001 | izihome\" \/>\n<meta property=\"og:description\" content=\"D\u00e9couvrez nos services de location meubl\u00e9e dans le 13001 \u00e0 Marseille.\" \/>\n<meta property=\"og:url\" content=\"https:\/\/www.izi-home.com\/en\/produit\/one-bedroom-apt-with-balcony-on-the-backside-of-the-building-vieux-port\/\" \/>\n<meta property=\"og:site_name\" content=\"izihome\" \/>\n<meta property=\"article:publisher\" content=\"https:\/\/www.facebook.com\/izihomecommunity\" \/>\n<meta property=\"article:modified_time\" content=\"2025-01-13T15:44:29+00:00\" \/>\n<meta property=\"og:image\" content=\"https:\/\/www.izi-home.com\/wp-content\/uploads\/2020\/11\/01_bis-1-scaled.jpg\" \/>\n\t<meta property=\"og:image:width\" content=\"2560\" \/>\n\t<meta property=\"og:image:height\" content=\"1654\" \/>\n\t<meta property=\"og:image:type\" content=\"image\/jpeg\" \/>\n<meta name=\"twitter:card\" content=\"summary_large_image\" \/>\n<meta name=\"twitter:label1\" content=\"Est. reading time\" \/>\n\t<meta name=\"twitter:data1\" content=\"2 minutes\" \/>\n<script type=\"application\/ld+json\" class=\"yoast-schema-graph\">{\"@context\":\"https:\\\/\\\/schema.org\",\"@graph\":[{\"@type\":\"WebPage\",\"@id\":\"https:\\\/\\\/www.izi-home.com\\\/en\\\/produit\\\/one-bedroom-apt-with-balcony-on-the-backside-of-the-building-vieux-port\\\/\",\"url\":\"https:\\\/\\\/www.izi-home.com\\\/en\\\/produit\\\/one-bedroom-apt-with-balcony-on-the-backside-of-the-building-vieux-port\\\/\",\"name\":\"One bedroom apt with balcony on the backside of the building - Vieux Port | Marseille | 13001 | izihome\",\"isPartOf\":{\"@id\":\"https:\\\/\\\/www.izi-home.com\\\/en\\\/#website\"},\"primaryImageOfPage\":{\"@id\":\"https:\\\/\\\/www.izi-home.com\\\/en\\\/produit\\\/one-bedroom-apt-with-balcony-on-the-backside-of-the-building-vieux-port\\\/#primaryimage\"},\"image\":{\"@id\":\"https:\\\/\\\/www.izi-home.com\\\/en\\\/produit\\\/one-bedroom-apt-with-balcony-on-the-backside-of-the-building-vieux-port\\\/#primaryimage\"},\"thumbnailUrl\":\"https:\\\/\\\/www.izi-home.com\\\/wp-content\\\/uploads\\\/2020\\\/11\\\/01_bis-1-scaled.jpg\",\"datePublished\":\"2024-11-28T15:17:38+00:00\",\"dateModified\":\"2025-01-13T15:44:29+00:00\",\"description\":\"D\u00e9couvrez nos services de location meubl\u00e9e dans le 13001 \u00e0 Marseille.\",\"breadcrumb\":{\"@id\":\"https:\\\/\\\/www.izi-home.com\\\/en\\\/produit\\\/one-bedroom-apt-with-balcony-on-the-backside-of-the-building-vieux-port\\\/#breadcrumb\"},\"inLanguage\":\"en-US\",\"potentialAction\":[{\"@type\":\"ReadAction\",\"target\":[\"https:\\\/\\\/www.izi-home.com\\\/en\\\/produit\\\/one-bedroom-apt-with-balcony-on-the-backside-of-the-building-vieux-port\\\/\"]}]},{\"@type\":\"ImageObject\",\"inLanguage\":\"en-US\",\"@id\":\"https:\\\/\\\/www.izi-home.com\\\/en\\\/produit\\\/one-bedroom-apt-with-balcony-on-the-backside-of-the-building-vieux-port\\\/#primaryimage\",\"url\":\"https:\\\/\\\/www.izi-home.com\\\/wp-content\\\/uploads\\\/2020\\\/11\\\/01_bis-1-scaled.jpg\",\"contentUrl\":\"https:\\\/\\\/www.izi-home.com\\\/wp-content\\\/uploads\\\/2020\\\/11\\\/01_bis-1-scaled.jpg\",\"width\":2560,\"height\":1654},{\"@type\":\"BreadcrumbList\",\"@id\":\"https:\\\/\\\/www.izi-home.com\\\/en\\\/produit\\\/one-bedroom-apt-with-balcony-on-the-backside-of-the-building-vieux-port\\\/#breadcrumb\",\"itemListElement\":[{\"@type\":\"ListItem\",\"position\":1,\"name\":\"Accueil\",\"item\":\"https:\\\/\\\/www.izi-home.com\\\/en\\\/home\\\/\"},{\"@type\":\"ListItem\",\"position\":2,\"name\":\"Products\",\"item\":\"https:\\\/\\\/www.izi-home.com\\\/en\\\/shop\\\/\"},{\"@type\":\"ListItem\",\"position\":3,\"name\":\"One bedroom apt with balcony on the backside of the building &#8211; Vieux Port\"}]},{\"@type\":\"WebSite\",\"@id\":\"https:\\\/\\\/www.izi-home.com\\\/en\\\/#website\",\"url\":\"https:\\\/\\\/www.izi-home.com\\\/en\\\/\",\"name\":\"izihome\",\"description\":\"Nous sommes votre locataire et \u00e7a change tout\",\"publisher\":{\"@id\":\"https:\\\/\\\/www.izi-home.com\\\/en\\\/#organization\"},\"potentialAction\":[{\"@type\":\"SearchAction\",\"target\":{\"@type\":\"EntryPoint\",\"urlTemplate\":\"https:\\\/\\\/www.izi-home.com\\\/en\\\/?s={search_term_string}\"},\"query-input\":{\"@type\":\"PropertyValueSpecification\",\"valueRequired\":true,\"valueName\":\"search_term_string\"}}],\"inLanguage\":\"en-US\"},{\"@type\":\"Organization\",\"@id\":\"https:\\\/\\\/www.izi-home.com\\\/en\\\/#organization\",\"name\":\"izihome\",\"url\":\"https:\\\/\\\/www.izi-home.com\\\/en\\\/\",\"logo\":{\"@type\":\"ImageObject\",\"inLanguage\":\"en-US\",\"@id\":\"https:\\\/\\\/www.izi-home.com\\\/en\\\/#\\\/schema\\\/logo\\\/image\\\/\",\"url\":\"https:\\\/\\\/www.izi-home.com\\\/wp-content\\\/uploads\\\/2020\\\/10\\\/logo-500px.png\",\"contentUrl\":\"https:\\\/\\\/www.izi-home.com\\\/wp-content\\\/uploads\\\/2020\\\/10\\\/logo-500px.png\",\"width\":501,\"height\":501,\"caption\":\"izihome\"},\"image\":{\"@id\":\"https:\\\/\\\/www.izi-home.com\\\/en\\\/#\\\/schema\\\/logo\\\/image\\\/\"},\"sameAs\":[\"https:\\\/\\\/www.facebook.com\\\/izihomecommunity\",\"https:\\\/\\\/www.instagram.com\\\/izihome_community\\\/\",\"https:\\\/\\\/www.linkedin.com\\\/company\\\/izi-home\\\/\"]}]}<\/script>\n<!-- \/ Yoast SEO plugin. -->","yoast_head_json":{"title":"One bedroom apt with balcony on the backside of the building - Vieux Port | Marseille | 13001 | izihome","description":"D\u00e9couvrez nos services de location meubl\u00e9e dans le 13001 \u00e0 Marseille.","robots":{"index":"index","follow":"follow","max-snippet":"max-snippet:-1","max-image-preview":"max-image-preview:large","max-video-preview":"max-video-preview:-1"},"canonical":"https:\/\/www.izi-home.com\/en\/produit\/one-bedroom-apt-with-balcony-on-the-backside-of-the-building-vieux-port\/","og_locale":"en_US","og_type":"article","og_title":"One bedroom apt with balcony on the backside of the building - Vieux Port | Marseille | 13001 | izihome","og_description":"D\u00e9couvrez nos services de location meubl\u00e9e dans le 13001 \u00e0 Marseille.","og_url":"https:\/\/www.izi-home.com\/en\/produit\/one-bedroom-apt-with-balcony-on-the-backside-of-the-building-vieux-port\/","og_site_name":"izihome","article_publisher":"https:\/\/www.facebook.com\/izihomecommunity","article_modified_time":"2025-01-13T15:44:29+00:00","og_image":[{"width":2560,"height":1654,"url":"https:\/\/www.izi-home.com\/wp-content\/uploads\/2020\/11\/01_bis-1-scaled.jpg","type":"image\/jpeg"}],"twitter_card":"summary_large_image","twitter_misc":{"Est. reading time":"2 minutes"},"schema":{"@context":"https:\/\/schema.org","@graph":[{"@type":"WebPage","@id":"https:\/\/www.izi-home.com\/en\/produit\/one-bedroom-apt-with-balcony-on-the-backside-of-the-building-vieux-port\/","url":"https:\/\/www.izi-home.com\/en\/produit\/one-bedroom-apt-with-balcony-on-the-backside-of-the-building-vieux-port\/","name":"One bedroom apt with balcony on the backside of the building - Vieux Port | Marseille | 13001 | izihome","isPartOf":{"@id":"https:\/\/www.izi-home.com\/en\/#website"},"primaryImageOfPage":{"@id":"https:\/\/www.izi-home.com\/en\/produit\/one-bedroom-apt-with-balcony-on-the-backside-of-the-building-vieux-port\/#primaryimage"},"image":{"@id":"https:\/\/www.izi-home.com\/en\/produit\/one-bedroom-apt-with-balcony-on-the-backside-of-the-building-vieux-port\/#primaryimage"},"thumbnailUrl":"https:\/\/www.izi-home.com\/wp-content\/uploads\/2020\/11\/01_bis-1-scaled.jpg","datePublished":"2024-11-28T15:17:38+00:00","dateModified":"2025-01-13T15:44:29+00:00","description":"D\u00e9couvrez nos services de location meubl\u00e9e dans le 13001 \u00e0 Marseille.","breadcrumb":{"@id":"https:\/\/www.izi-home.com\/en\/produit\/one-bedroom-apt-with-balcony-on-the-backside-of-the-building-vieux-port\/#breadcrumb"},"inLanguage":"en-US","potentialAction":[{"@type":"ReadAction","target":["https:\/\/www.izi-home.com\/en\/produit\/one-bedroom-apt-with-balcony-on-the-backside-of-the-building-vieux-port\/"]}]},{"@type":"ImageObject","inLanguage":"en-US","@id":"https:\/\/www.izi-home.com\/en\/produit\/one-bedroom-apt-with-balcony-on-the-backside-of-the-building-vieux-port\/#primaryimage","url":"https:\/\/www.izi-home.com\/wp-content\/uploads\/2020\/11\/01_bis-1-scaled.jpg","contentUrl":"https:\/\/www.izi-home.com\/wp-content\/uploads\/2020\/11\/01_bis-1-scaled.jpg","width":2560,"height":1654},{"@type":"BreadcrumbList","@id":"https:\/\/www.izi-home.com\/en\/produit\/one-bedroom-apt-with-balcony-on-the-backside-of-the-building-vieux-port\/#breadcrumb","itemListElement":[{"@type":"ListItem","position":1,"name":"Accueil","item":"https:\/\/www.izi-home.com\/en\/home\/"},{"@type":"ListItem","position":2,"name":"Products","item":"https:\/\/www.izi-home.com\/en\/shop\/"},{"@type":"ListItem","position":3,"name":"One bedroom apt with balcony on the backside of the building &#8211; Vieux Port"}]},{"@type":"WebSite","@id":"https:\/\/www.izi-home.com\/en\/#website","url":"https:\/\/www.izi-home.com\/en\/","name":"izihome","description":"Nous sommes votre locataire et \u00e7a change tout","publisher":{"@id":"https:\/\/www.izi-home.com\/en\/#organization"},"potentialAction":[{"@type":"SearchAction","target":{"@type":"EntryPoint","urlTemplate":"https:\/\/www.izi-home.com\/en\/?s={search_term_string}"},"query-input":{"@type":"PropertyValueSpecification","valueRequired":true,"valueName":"search_term_string"}}],"inLanguage":"en-US"},{"@type":"Organization","@id":"https:\/\/www.izi-home.com\/en\/#organization","name":"izihome","url":"https:\/\/www.izi-home.com\/en\/","logo":{"@type":"ImageObject","inLanguage":"en-US","@id":"https:\/\/www.izi-home.com\/en\/#\/schema\/logo\/image\/","url":"https:\/\/www.izi-home.com\/wp-content\/uploads\/2020\/10\/logo-500px.png","contentUrl":"https:\/\/www.izi-home.com\/wp-content\/uploads\/2020\/10\/logo-500px.png","width":501,"height":501,"caption":"izihome"},"image":{"@id":"https:\/\/www.izi-home.com\/en\/#\/schema\/logo\/image\/"},"sameAs":["https:\/\/www.facebook.com\/izihomecommunity","https:\/\/www.instagram.com\/izihome_community\/","https:\/\/www.linkedin.com\/company\/izi-home\/"]}]}},"_links":{"self":[{"href":"https:\/\/www.izi-home.com\/en\/wp-json\/wp\/v2\/product\/9311","targetHints":{"allow":["GET"]}}],"collection":[{"href":"https:\/\/www.izi-home.com\/en\/wp-json\/wp\/v2\/product"}],"about":[{"href":"https:\/\/www.izi-home.com\/en\/wp-json\/wp\/v2\/types\/product"}],"wp:featuredmedia":[{"embeddable":true,"href":"https:\/\/www.izi-home.com\/en\/wp-json\/wp\/v2\/media\/4779"}],"wp:attachment":[{"href":"https:\/\/www.izi-home.com\/en\/wp-json\/wp\/v2\/media?parent=9311"}],"wp:term":[{"taxonomy":"product_brand","embeddable":true,"href":"https:\/\/www.izi-home.com\/en\/wp-json\/wp\/v2\/product_brand?post=9311"},{"taxonomy":"product_cat","embeddable":true,"href":"https:\/\/www.izi-home.com\/en\/wp-json\/wp\/v2\/product_cat?post=9311"},{"taxonomy":"product_tag","embeddable":true,"href":"https:\/\/www.izi-home.com\/en\/wp-json\/wp\/v2\/product_tag?post=9311"}],"curies":[{"name":"wp","href":"https:\/\/api.w.org\/{rel}","templated":true}]}}